{"id":2508,"date":"2023-08-04T14:48:20","date_gmt":"2023-08-04T12:48:20","guid":{"rendered":"https:\/\/vancraft.es\/?page_id=2508"},"modified":"2024-09-16T10:30:06","modified_gmt":"2024-09-16T08:30:06","slug":"accessibilitat","status":"publish","type":"page","link":"https:\/\/vancraft.es\/ca\/accessibilitat\/","title":{"rendered":"Accessibilitat"},"content":{"rendered":"<p><div class=\"fusion-fullwidth fullwidth-box fusion-builder-row-1 fusion-flex-container nonhundred-percent-fullwidth non-hundred-percent-height-scrolling\" style=\"--awb-border-radius-top-left:0px;--awb-border-radius-top-right:0px;--awb-border-radius-bottom-right:0px;--awb-border-radius-bottom-left:0px;--awb-padding-top:45px;--awb-margin-top:-100px;--awb-background-color:var(--awb-color7);--awb-flex-wrap:wrap;\" ><div class=\"fusion-builder-row fusion-row fusion-flex-align-items-flex-start fusion-flex-justify-content-center fusion-flex-content-wrap\" style=\"max-width:1227.2px;margin-left: calc(-4% \/ 2 );margin-right: calc(-4% \/ 2 );\"><div class=\"fusion-layout-column fusion_builder_column fusion-builder-column-0 fusion_builder_column_2_3 2_3 fusion-flex-column fusion-animated\" style=\"--awb-bg-blend:overlay;--awb-bg-size:cover;--awb-width-large:66.666666666667%;--awb-margin-top-large:20px;--awb-spacing-right-large:2.88%;--awb-margin-bottom-large:0px;--awb-spacing-left-large:2.88%;--awb-width-medium:100%;--awb-spacing-right-medium:1.92%;--awb-spacing-left-medium:1.92%;--awb-width-small:100%;--awb-spacing-right-small:1.92%;--awb-spacing-left-small:1.92%;\" data-animationType=\"zoomIn\" data-animationDuration=\"0.9\" data-animationOffset=\"top-into-view\"><div class=\"fusion-column-wrapper fusion-flex-justify-content-flex-start fusion-content-layout-column\"><div class=\"fusion-title title fusion-title-1 fusion-title-center fusion-title-text fusion-title-size-one\" style=\"--awb-text-color:var(--awb-color1);--awb-margin-top-small:0px;--awb-margin-right-small:0px;--awb-margin-bottom-small:20px;--awb-margin-left-small:0px;--awb-font-size:58px;\"><div class=\"title-sep-container title-sep-container-left\"><div class=\"title-sep sep- sep-solid\" style=\"border-color:var(--awb-color6);\"><\/div><\/div><span class=\"awb-title-spacer\"><\/span><h1 class=\"fusion-title-heading title-heading-center fusion-responsive-typography-calculated\" style=\"font-family:&quot;Work Sans&quot;;font-style:normal;font-weight:600;margin:0;letter-spacing:var(--awb-typography1-letter-spacing);text-transform:var(--awb-typography1-text-transform);font-size:1em;--fontSize:58;line-height:var(--awb-typography1-line-height);\"><p style=\"text-align: center;\">Accessibilitat<\/p><\/h1><span class=\"awb-title-spacer\"><\/span><div class=\"title-sep-container title-sep-container-right\"><div class=\"title-sep sep- sep-solid\" style=\"border-color:var(--awb-color6);\"><\/div><\/div><\/div><div class=\"fusion-separator\" style=\"align-self: center;margin-left: auto;margin-right: auto;margin-top:16px;margin-bottom:36px;width:100%;max-width:24%;\"><div class=\"fusion-separator-border sep-single\" style=\"--awb-height:20px;--awb-amount:20px;--awb-sep-color:var(--awb-color4);border-color:var(--awb-color4);border-top-width:2px;\"><\/div><\/div><\/div><\/div><\/div><\/div><div class=\"fusion-fullwidth fullwidth-box fusion-builder-row-2 fusion-flex-container has-pattern-background has-mask-background nonhundred-percent-fullwidth non-hundred-percent-height-scrolling\" style=\"--awb-border-radius-top-left:0px;--awb-border-radius-top-right:0px;--awb-border-radius-bottom-right:0px;--awb-border-radius-bottom-left:0px;--awb-flex-wrap:wrap;\" ><div class=\"fusion-builder-row fusion-row fusion-flex-align-items-flex-start fusion-flex-content-wrap\" style=\"max-width:calc( 1180px + 0px );margin-left: calc(-0px \/ 2 );margin-right: calc(-0px \/ 2 );\"><div class=\"fusion-layout-column fusion_builder_column fusion-builder-column-1 fusion_builder_column_1_1 1_1 fusion-flex-column\" style=\"--awb-bg-blend:overlay;--awb-bg-size:cover;--awb-width-large:100%;--awb-margin-top-large:0px;--awb-spacing-right-large:0px;--awb-margin-bottom-large:0px;--awb-spacing-left-large:0px;--awb-width-medium:100%;--awb-spacing-right-medium:0px;--awb-spacing-left-medium:0px;--awb-width-small:100%;--awb-spacing-right-small:0px;--awb-spacing-left-small:0px;\"><div class=\"fusion-column-wrapper fusion-flex-justify-content-center fusion-content-layout-column\"><div class=\"fusion-section-separator section-separator big-half-circle fusion-section-separator-1\" style=\"--awb-spacer-height:50px;--awb-svg-margin-left:0px;--awb-svg-margin-right:0px;--awb-svg-margin-left-medium:0px;--awb-svg-margin-right-medium:0px;--awb-svg-margin-left-small:0px;--awb-svg-margin-right-small:0px;--awb-divider-height:50px;--awb-spacer-padding-top:inherit;--awb-divider-height-medium:50px;--awb-spacer-height-medium:50px;--awb-divider-height-small:50px;--awb-spacer-height-small:50px;--awb-sep-padding:0;--awb-svg-padding:0;\"><div class=\"fusion-section-separator-svg\"><svg class=\"fusion-big-half-circle-candy\" xmlns=\"http:\/\/www.w3.org\/2000\/svg\" version=\"1.1\" width=\"100%\" height=\"100\" viewBox=\"0 0 100 100\" preserveAspectRatio=\"none\" fill=\"rgba(74,73,73,1)\"><path d=\"M0 0 C55 180 100 0 100 0 Z\"><\/path><\/svg><\/div><div class=\"fusion-section-separator-spacer\"><div class=\"fusion-section-separator-spacer-height\"><\/div><\/div><\/div><\/div><\/div><\/div><\/div><div class=\"fusion-fullwidth fullwidth-box fusion-builder-row-3 fusion-flex-container nonhundred-percent-fullwidth non-hundred-percent-height-scrolling\" style=\"--awb-border-radius-top-left:0px;--awb-border-radius-top-right:0px;--awb-border-radius-bottom-right:0px;--awb-border-radius-bottom-left:0px;--awb-padding-top:62px;--awb-padding-bottom:20px;--awb-margin-bottom:-85px;--awb-flex-wrap:wrap;\" ><div class=\"fusion-builder-row fusion-row fusion-flex-align-items-flex-start fusion-flex-content-wrap\" style=\"max-width:1227.2px;margin-left: calc(-4% \/ 2 );margin-right: calc(-4% \/ 2 );\"><div class=\"fusion-layout-column fusion_builder_column fusion-builder-column-2 fusion_builder_column_1_1 1_1 fusion-flex-column\" style=\"--awb-bg-blend:overlay;--awb-bg-size:cover;--awb-width-large:100%;--awb-margin-top-large:0px;--awb-spacing-right-large:1.92%;--awb-margin-bottom-large:0px;--awb-spacing-left-large:1.92%;--awb-width-medium:100%;--awb-spacing-right-medium:1.92%;--awb-spacing-left-medium:1.92%;--awb-width-small:100%;--awb-spacing-right-small:1.92%;--awb-spacing-left-small:1.92%;\"><div class=\"fusion-column-wrapper fusion-flex-justify-content-flex-start fusion-content-layout-column\"><div class=\"fusion-text fusion-text-1\" style=\"--awb-text-color:var(--awb-color7);\"><p><strong>Obtenir el consentiment de l\u2019usuari en sol\u00b7licitar dades personals<\/strong><\/p>\n<p>El consentiment ha de donar-se mitjan\u00e7ant una acci\u00f3 afirmativa clara que reflecteixi una manifestaci\u00f3 de voluntat lliure, espec\u00edfica, informada, i inequ\u00edvoca de l\u2019interessat i ha d\u2019atorgar-se per a totes les activitats de tractament realitzades. Quan el tractament tingui diverses finalitats, el consentiment ha de donar-se per cada una d\u2019elles. Si s\u2019ha de donar arran d\u2019una sol\u00b7licitud per mitjans electr\u00f2nics, aquesta ha de ser clara, concisa i no pertorbar innecess\u00e0riament l\u2019\u00fas del servei per al qual es presta.<\/p>\n<p>Aquest consentiment expr\u00e9s pot traslladar-se a un formulari web a trav\u00e9s de la implementaci\u00f3 d\u2019unes caselles de verificaci\u00f3 que estiguin desmarcades per defecte, aix\u00f2 \u00e9s vital, per a poder demostrar aquesta voluntat per part de la persona per tractar les seves dades personals.<\/p>\n<p>Les caselles de pre-marca, el silenci i la inacci\u00f3 de l\u2019interessat no constitueixen un tractament l\u00edcit de dades, de manera que aquestes f\u00f3rmules no s\u2019han d\u2019utilitzar.<\/p>\n<p>Hem parlat en l\u2019apartat anterior de fins espec\u00edfics, \u00e9s a dir, quan alg\u00fa proporciona les seves dades cal de detallar de manera clara, inequ\u00edvoca i transparent quines seran les condicions de tractament de les dades.<\/p>\n<p>Al de ser un consentiment expr\u00e9s lligat a una finalitat espec\u00edfica cal demostrar que s\u2019ha recollit seguint aquests preceptes i la c\u00e0rrega probat\u00f2ria recau sobre l\u2019organitzaci\u00f3 que rep i tracta aquestes dades.<\/p>\n<p>Un exemple de com poder demostrar que ens han autoritzat es que cada alta generi un e-mail de resposta autom\u00e0tica amb les dades de la persona sol\u00b7licitat, la seva IP, accepto, data, hora exacta i navegador que va utilitzar. Aquest e-mail s\u2019ha de guardar com a justificant en cas de conflicte amb l\u2019usuari.<\/p>\n<p><strong>Primera capa d\u2019informaci\u00f3 b\u00e0sica<\/strong><\/p>\n<p>Amb els requisits i principis introdu\u00efts pel\u00a0RGPD\u00a0respecte a l\u2019obligaci\u00f3 d\u2019informar, la simple remissi\u00f3 a la pol\u00edtica de privacitat des dels formularis web ja no \u00e9s suficient per a complir amb aquestes obligacions.<\/p>\n<p>Les Autoritats de Protecci\u00f3 de Dades de la Uni\u00f3 Europea, recomanen utilitzar un model d\u2019informaci\u00f3 per capes, presentant una primera capa, amb una informaci\u00f3 b\u00e0sica sobre protecci\u00f3 de dades i remetre des d\u2019aquesta, m\u00e9s senzilla i immediata, a una segona capa amb la informaci\u00f3 restant.<\/p>\n<p>En la <a href=\"about:blank?trp-edit-translation=preview\">Guia per al Compliment del Deure d\u2019Informar<\/a>, de l\u2019AEPD estableix que aquesta primera capa informativa ha de reunir els seg\u00fcents requisits:<\/p>\n<p>\u2013 La informaci\u00f3 s\u2019ha de posar a la disposici\u00f3 dels interessats en el moment en qu\u00e8 se sol\u00b7licitin les dades, pr\u00e8viament a la recollida o registre.<\/p>\n<p>\u2013 Aquesta obligaci\u00f3 s\u2019ha de complir sense necessitat de cap requeriment, i el responsable haur\u00e0 de poder acreditar amb posterioritat que l\u2019obligaci\u00f3 d\u2019informar ha estat satisfeta.<\/p>\n<p>\u2013 Ha d\u2019estar clarament identificada amb un t\u00edtol tal com \u201cInformaci\u00f3 b\u00e0sica sobre protecci\u00f3 de dades\u201d.<\/p>\n<p>\u2013 El responsable del tractament ha de garantir que aquesta informaci\u00f3 quedi \u201cdins del camp de visi\u00f3\u201d de l\u2019interessat.<\/p>\n<p>\u2013 Els interessats han de rebre una c\u00f2pia on s\u2019inclogui aquesta informaci\u00f3 b\u00e0sica.<\/p>\n<p>La\u00a0LOPDGDD\u00a0en el seu article 72 tipifica com a INFRACCI\u00d3 MOLT GREU l\u2019omissi\u00f3 del deure d\u2019informar l\u2019afectat sobre el tractament de les seves dades personals conforme al que es disposa en els articles 13 i 14 del Reglament (UE) 2016\/679 (RGPD).<\/p>\n<\/div><\/div><\/div><\/div><\/div><\/p>\n","protected":false},"excerpt":{"rendered":"","protected":false},"author":2,"featured_media":0,"parent":0,"menu_order":0,"comment_status":"closed","ping_status":"closed","template":"100-width.php","meta":{"footnotes":""},"class_list":["post-2508","page","type-page","status-publish","hentry"],"yoast_head":"<!-- This site is optimized with the Yoast SEO plugin v27.4 - https:\/\/yoast.com\/product\/yoast-seo-wordpress\/ -->\n<title>Accessibilitat - Vancraft<\/title>\n<meta name=\"description\" content=\"Obtenir el consentiment de l\u2019usuari en sol\u00b7licitar dades personals\u00a0El consentiment ha de donar-se mitjan\u00e7ant una acci\u00f3 afirmativa clara...\" \/>\n<meta name=\"robots\" content=\"index, follow, max-snippet:-1, max-image-preview:large, max-video-preview:-1\" \/>\n<link rel=\"canonical\" href=\"https:\/\/vancraft.es\/ca\/accessibilitat\/\" \/>\n<meta property=\"og:locale\" content=\"ca_ES\" \/>\n<meta property=\"og:type\" content=\"article\" \/>\n<meta property=\"og:title\" content=\"Accessibilitat - Vancraft\" \/>\n<meta property=\"og:description\" content=\"Obtenir el consentiment de l\u2019usuari en sol\u00b7licitar dades personals\u00a0El consentiment ha de donar-se mitjan\u00e7ant una acci\u00f3 afirmativa clara...\" \/>\n<meta property=\"og:url\" content=\"https:\/\/vancraft.es\/ca\/accessibilitat\/\" \/>\n<meta property=\"og:site_name\" content=\"Vancraft\" \/>\n<meta property=\"article:modified_time\" content=\"2024-09-16T08:30:06+00:00\" \/>\n<meta name=\"twitter:card\" content=\"summary_large_image\" \/>\n<meta name=\"twitter:label1\" content=\"Temps estimat de lectura\" \/>\n\t<meta name=\"twitter:data1\" content=\"3 minuts\" \/>\n<script type=\"application\/ld+json\" class=\"yoast-schema-graph\">{\"@context\":\"https:\\\/\\\/schema.org\",\"@graph\":[{\"@type\":\"WebPage\",\"@id\":\"https:\\\/\\\/vancraft.es\\\/accessibilitat\\\/\",\"url\":\"https:\\\/\\\/vancraft.es\\\/accessibilitat\\\/\",\"name\":\"Accessibilitat - Vancraft\",\"isPartOf\":{\"@id\":\"https:\\\/\\\/vancraft.es\\\/#website\"},\"datePublished\":\"2023-08-04T12:48:20+00:00\",\"dateModified\":\"2024-09-16T08:30:06+00:00\",\"description\":\"Obtenir el consentiment de l\u2019usuari en sol\u00b7licitar dades personals\u00a0El consentiment ha de donar-se mitjan\u00e7ant una acci\u00f3 afirmativa clara...\",\"breadcrumb\":{\"@id\":\"https:\\\/\\\/vancraft.es\\\/accessibilitat\\\/#breadcrumb\"},\"inLanguage\":\"ca\",\"potentialAction\":[{\"@type\":\"ReadAction\",\"target\":[\"https:\\\/\\\/vancraft.es\\\/accessibilitat\\\/\"]}]},{\"@type\":\"BreadcrumbList\",\"@id\":\"https:\\\/\\\/vancraft.es\\\/accessibilitat\\\/#breadcrumb\",\"itemListElement\":[{\"@type\":\"ListItem\",\"position\":1,\"name\":\"Inici\",\"item\":\"https:\\\/\\\/vancraft.es\\\/ca\\\/\"},{\"@type\":\"ListItem\",\"position\":2,\"name\":\"Accessibilitat\"}]},{\"@type\":\"WebSite\",\"@id\":\"https:\\\/\\\/vancraft.es\\\/#website\",\"url\":\"https:\\\/\\\/vancraft.es\\\/\",\"name\":\"Vancraft\",\"description\":\"\",\"potentialAction\":[{\"@type\":\"SearchAction\",\"target\":{\"@type\":\"EntryPoint\",\"urlTemplate\":\"https:\\\/\\\/vancraft.es\\\/?s={search_term_string}\"},\"query-input\":{\"@type\":\"PropertyValueSpecification\",\"valueRequired\":true,\"valueName\":\"search_term_string\"}}],\"inLanguage\":\"ca\"}]}<\/script>\n<!-- \/ Yoast SEO plugin. -->","yoast_head_json":{"title":"Accessibilitat - Vancraft","description":"Obtenir el consentiment de l\u2019usuari en sol\u00b7licitar dades personals\u00a0El consentiment ha de donar-se mitjan\u00e7ant una acci\u00f3 afirmativa clara...","robots":{"index":"index","follow":"follow","max-snippet":"max-snippet:-1","max-image-preview":"max-image-preview:large","max-video-preview":"max-video-preview:-1"},"canonical":"https:\/\/vancraft.es\/ca\/accessibilitat\/","og_locale":"ca_ES","og_type":"article","og_title":"Accessibilitat - Vancraft","og_description":"Obtenir el consentiment de l\u2019usuari en sol\u00b7licitar dades personals\u00a0El consentiment ha de donar-se mitjan\u00e7ant una acci\u00f3 afirmativa clara...","og_url":"https:\/\/vancraft.es\/ca\/accessibilitat\/","og_site_name":"Vancraft","article_modified_time":"2024-09-16T08:30:06+00:00","twitter_card":"summary_large_image","twitter_misc":{"Temps estimat de lectura":"3 minuts"},"schema":{"@context":"https:\/\/schema.org","@graph":[{"@type":"WebPage","@id":"https:\/\/vancraft.es\/accessibilitat\/","url":"https:\/\/vancraft.es\/accessibilitat\/","name":"Accessibilitat - Vancraft","isPartOf":{"@id":"https:\/\/vancraft.es\/#website"},"datePublished":"2023-08-04T12:48:20+00:00","dateModified":"2024-09-16T08:30:06+00:00","description":"Obtenir el consentiment de l\u2019usuari en sol\u00b7licitar dades personals\u00a0El consentiment ha de donar-se mitjan\u00e7ant una acci\u00f3 afirmativa clara...","breadcrumb":{"@id":"https:\/\/vancraft.es\/accessibilitat\/#breadcrumb"},"inLanguage":"ca","potentialAction":[{"@type":"ReadAction","target":["https:\/\/vancraft.es\/accessibilitat\/"]}]},{"@type":"BreadcrumbList","@id":"https:\/\/vancraft.es\/accessibilitat\/#breadcrumb","itemListElement":[{"@type":"ListItem","position":1,"name":"Inici","item":"https:\/\/vancraft.es\/ca\/"},{"@type":"ListItem","position":2,"name":"Accessibilitat"}]},{"@type":"WebSite","@id":"https:\/\/vancraft.es\/#website","url":"https:\/\/vancraft.es\/","name":"Vancraft","description":"","potentialAction":[{"@type":"SearchAction","target":{"@type":"EntryPoint","urlTemplate":"https:\/\/vancraft.es\/?s={search_term_string}"},"query-input":{"@type":"PropertyValueSpecification","valueRequired":true,"valueName":"search_term_string"}}],"inLanguage":"ca"}]}},"_links":{"self":[{"href":"https:\/\/vancraft.es\/ca\/wp-json\/wp\/v2\/pages\/2508","targetHints":{"allow":["GET"]}}],"collection":[{"href":"https:\/\/vancraft.es\/ca\/wp-json\/wp\/v2\/pages"}],"about":[{"href":"https:\/\/vancraft.es\/ca\/wp-json\/wp\/v2\/types\/page"}],"author":[{"embeddable":true,"href":"https:\/\/vancraft.es\/ca\/wp-json\/wp\/v2\/users\/2"}],"replies":[{"embeddable":true,"href":"https:\/\/vancraft.es\/ca\/wp-json\/wp\/v2\/comments?post=2508"}],"version-history":[{"count":5,"href":"https:\/\/vancraft.es\/ca\/wp-json\/wp\/v2\/pages\/2508\/revisions"}],"predecessor-version":[{"id":3639,"href":"https:\/\/vancraft.es\/ca\/wp-json\/wp\/v2\/pages\/2508\/revisions\/3639"}],"wp:attachment":[{"href":"https:\/\/vancraft.es\/ca\/wp-json\/wp\/v2\/media?parent=2508"}],"curies":[{"name":"wp","href":"https:\/\/api.w.org\/{rel}","templated":true}]}}