{"id":2504,"date":"2023-08-04T14:47:50","date_gmt":"2023-08-04T12:47:50","guid":{"rendered":"https:\/\/vancraft.es\/?page_id=2504"},"modified":"2024-09-16T10:16:35","modified_gmt":"2024-09-16T08:16:35","slug":"politica-de-privacitat","status":"publish","type":"page","link":"https:\/\/vancraft.es\/ca\/politica-de-privacitat\/","title":{"rendered":"Pol\u00edtica de Privacitat"},"content":{"rendered":"<p><div class=\"fusion-fullwidth fullwidth-box fusion-builder-row-1 fusion-flex-container nonhundred-percent-fullwidth non-hundred-percent-height-scrolling\" style=\"--awb-border-radius-top-left:0px;--awb-border-radius-top-right:0px;--awb-border-radius-bottom-right:0px;--awb-border-radius-bottom-left:0px;--awb-padding-top:45px;--awb-margin-top:-100px;--awb-background-color:var(--awb-color7);--awb-flex-wrap:wrap;\" ><div class=\"fusion-builder-row fusion-row fusion-flex-align-items-flex-start fusion-flex-justify-content-center fusion-flex-content-wrap\" style=\"max-width:1227.2px;margin-left: calc(-4% \/ 2 );margin-right: calc(-4% \/ 2 );\"><div class=\"fusion-layout-column fusion_builder_column fusion-builder-column-0 fusion_builder_column_2_3 2_3 fusion-flex-column fusion-animated\" style=\"--awb-bg-blend:overlay;--awb-bg-size:cover;--awb-width-large:66.666666666667%;--awb-margin-top-large:20px;--awb-spacing-right-large:2.88%;--awb-margin-bottom-large:0px;--awb-spacing-left-large:2.88%;--awb-width-medium:100%;--awb-spacing-right-medium:1.92%;--awb-spacing-left-medium:1.92%;--awb-width-small:100%;--awb-spacing-right-small:1.92%;--awb-spacing-left-small:1.92%;\" data-animationType=\"zoomIn\" data-animationDuration=\"0.9\" data-animationOffset=\"top-into-view\"><div class=\"fusion-column-wrapper fusion-flex-justify-content-flex-start fusion-content-layout-column\"><div class=\"fusion-title title fusion-title-1 fusion-title-center fusion-title-text fusion-title-size-one\" style=\"--awb-text-color:var(--awb-color1);--awb-margin-top-small:0px;--awb-margin-right-small:0px;--awb-margin-bottom-small:20px;--awb-margin-left-small:0px;--awb-font-size:58px;\"><div class=\"title-sep-container title-sep-container-left\"><div class=\"title-sep sep- sep-solid\" style=\"border-color:var(--awb-color6);\"><\/div><\/div><span class=\"awb-title-spacer\"><\/span><h1 class=\"fusion-title-heading title-heading-center fusion-responsive-typography-calculated\" style=\"font-family:&quot;Work Sans&quot;;font-style:normal;font-weight:600;margin:0;letter-spacing:var(--awb-typography1-letter-spacing);text-transform:var(--awb-typography1-text-transform);font-size:1em;--fontSize:58;line-height:var(--awb-typography1-line-height);\"><p style=\"text-align: center;\">Pol\u00edtica de Privacitat<\/p><\/h1><span class=\"awb-title-spacer\"><\/span><div class=\"title-sep-container title-sep-container-right\"><div class=\"title-sep sep- sep-solid\" style=\"border-color:var(--awb-color6);\"><\/div><\/div><\/div><div class=\"fusion-separator\" style=\"align-self: center;margin-left: auto;margin-right: auto;margin-top:16px;margin-bottom:36px;width:100%;max-width:24%;\"><div class=\"fusion-separator-border sep-single\" style=\"--awb-height:20px;--awb-amount:20px;--awb-sep-color:var(--awb-color4);border-color:var(--awb-color4);border-top-width:2px;\"><\/div><\/div><\/div><\/div><\/div><\/div><div class=\"fusion-fullwidth fullwidth-box fusion-builder-row-2 fusion-flex-container has-pattern-background has-mask-background nonhundred-percent-fullwidth non-hundred-percent-height-scrolling\" style=\"--awb-border-radius-top-left:0px;--awb-border-radius-top-right:0px;--awb-border-radius-bottom-right:0px;--awb-border-radius-bottom-left:0px;--awb-flex-wrap:wrap;\" ><div class=\"fusion-builder-row fusion-row fusion-flex-align-items-flex-start fusion-flex-content-wrap\" style=\"max-width:calc( 1180px + 0px );margin-left: calc(-0px \/ 2 );margin-right: calc(-0px \/ 2 );\"><div class=\"fusion-layout-column fusion_builder_column fusion-builder-column-1 fusion_builder_column_1_1 1_1 fusion-flex-column\" style=\"--awb-bg-blend:overlay;--awb-bg-size:cover;--awb-width-large:100%;--awb-margin-top-large:0px;--awb-spacing-right-large:0px;--awb-margin-bottom-large:0px;--awb-spacing-left-large:0px;--awb-width-medium:100%;--awb-spacing-right-medium:0px;--awb-spacing-left-medium:0px;--awb-width-small:100%;--awb-spacing-right-small:0px;--awb-spacing-left-small:0px;\"><div class=\"fusion-column-wrapper fusion-flex-justify-content-center fusion-content-layout-column\"><div class=\"fusion-section-separator section-separator big-half-circle fusion-section-separator-1\" style=\"--awb-spacer-height:50px;--awb-svg-margin-left:0px;--awb-svg-margin-right:0px;--awb-svg-margin-left-medium:0px;--awb-svg-margin-right-medium:0px;--awb-svg-margin-left-small:0px;--awb-svg-margin-right-small:0px;--awb-divider-height:50px;--awb-spacer-padding-top:inherit;--awb-divider-height-medium:50px;--awb-spacer-height-medium:50px;--awb-divider-height-small:50px;--awb-spacer-height-small:50px;--awb-sep-padding:0;--awb-svg-padding:0;\"><div class=\"fusion-section-separator-svg\"><svg class=\"fusion-big-half-circle-candy\" xmlns=\"http:\/\/www.w3.org\/2000\/svg\" version=\"1.1\" width=\"100%\" height=\"100\" viewBox=\"0 0 100 100\" preserveAspectRatio=\"none\" fill=\"rgba(74,73,73,1)\"><path d=\"M0 0 C55 180 100 0 100 0 Z\"><\/path><\/svg><\/div><div class=\"fusion-section-separator-spacer\"><div class=\"fusion-section-separator-spacer-height\"><\/div><\/div><\/div><\/div><\/div><\/div><\/div><div class=\"fusion-fullwidth fullwidth-box fusion-builder-row-3 fusion-flex-container has-pattern-background has-mask-background nonhundred-percent-fullwidth non-hundred-percent-height-scrolling\" style=\"--awb-border-radius-top-left:0px;--awb-border-radius-top-right:0px;--awb-border-radius-bottom-right:0px;--awb-border-radius-bottom-left:0px;--awb-padding-top:62px;--awb-padding-bottom:20px;--awb-margin-bottom:-85px;--awb-flex-wrap:wrap;\" ><div class=\"fusion-builder-row fusion-row fusion-flex-align-items-flex-start fusion-flex-content-wrap\" style=\"max-width:1227.2px;margin-left: calc(-4% \/ 2 );margin-right: calc(-4% \/ 2 );\"><div class=\"fusion-layout-column fusion_builder_column fusion-builder-column-2 fusion_builder_column_1_1 1_1 fusion-flex-column\" style=\"--awb-bg-blend:overlay;--awb-bg-size:cover;--awb-width-large:100%;--awb-margin-top-large:0px;--awb-spacing-right-large:1.92%;--awb-margin-bottom-large:0px;--awb-spacing-left-large:1.92%;--awb-width-medium:100%;--awb-spacing-right-medium:1.92%;--awb-spacing-left-medium:1.92%;--awb-width-small:100%;--awb-spacing-right-small:1.92%;--awb-spacing-left-small:1.92%;\"><div class=\"fusion-column-wrapper fusion-flex-justify-content-flex-start fusion-content-layout-column\"><div class=\"fusion-text fusion-text-1\" style=\"--awb-text-color:var(--awb-color7);\"><p>Vancraft, informa els usuaris del lloc web sobre la seva pol\u00edtica respecte al tractament i protecci\u00f3 de les dades de car\u00e0cter personal dels usuaris i clients.<\/p>\n<p>I garanteix en tot moment l\u2019\u00edntegre i ple compliment de les obligacions disposades per la normativa de protecci\u00f3 de dades i serveis de la societat de la informaci\u00f3: Reglament (UE) 2016\/679 del Parlament Europeu i del Consell, de 27 d\u2019abril de 2016, relatiu a la protecci\u00f3 de les persones f\u00edsiques pel que fa al tractament de dades personals i a la lliure circulaci\u00f3 d\u2019aquestes dades (RGPD), la normativa Llei Org\u00e0nica 3\/2018, de 5 de desembre, de Protecci\u00f3 de Dades Personals i garantia dels drets digitals (LOPDGDD) i la Llei 34\/2002, d\u201911 de juliol, de Serveis de la Societat de la Informaci\u00f3 i del Comer\u00e7 Electr\u00f2nic (LSSIce).<\/p>\n<p><strong>RESPONSABLE DEL TRACTAMENT<\/strong><\/p>\n<p>Empresa titular d\u2019aquesta web: Vancraft.<\/p>\n<p>N.I.F.: 39905092-T<\/p>\n<p>Domicili: <a href=\"https:\/\/www.google.es\/maps\/place\/Vancraft\/@41.106464,0.6453251,17z\/data=!3m1!4b1!4m6!3m5!1s0x12a127f39b8ed583:0xd29458fa2f670823!8m2!3d41.10646!4d0.6479!16s%2Fg%2F11kqbxwg8d?entry=ttu\" target=\"_blank\" rel=\"noopener\">Carrer Ginesta, 8, M\u00f3ra la Nova, Tarragona (43770)<\/a><\/p>\n<p>Tel\u00e8fon: 622887330<\/p>\n<p>Correu electr\u00f2nic: <a href=\"mailto:info@vancraft.es\" target=\"_blank\" rel=\"noopener\">info@vancraft.es<\/a><\/p>\n<p><strong>FINALITATS DEL TRACTAMENT DE LES DADES<\/strong><\/p>\n<p>Les dades facilitades per l\u2019Usuari s\u00f3n utilitzats per diverses finalitats que s\u2019enumeren a continuaci\u00f3:<\/p>\n<table width=\"876\">\n<tbody>\n<tr>\n<td width=\"436\"><strong>Finalitat del tractament<\/strong><\/td>\n<td width=\"439\"><strong>Base jur\u00eddica per al tractament<\/strong><\/td>\n<\/tr>\n<tr>\n<td width=\"436\">Gestionar les consultes plantejades a trav\u00e9s del formulari de consulta<\/td>\n<td width=\"439\">Inter\u00e8s leg\u00edtim de la Societat per a atendre els requeriments d\u2019informaci\u00f3 a trav\u00e9s de la web.<\/p>\n<p>Consentiment prestat de manera expressa en el moment de recollida de les dades a trav\u00e9s dels formularis web.<\/td>\n<\/tr>\n<tr>\n<td width=\"436\">Enviament de newsletters, comunicacions comercials i promocions.<\/td>\n<td width=\"439\">Consentiment prestat de manera expressa en el moment de recollida de les dades a trav\u00e9s dels formularis web.<\/td>\n<\/tr>\n<tr>\n<td width=\"436\">Gestionar les incid\u00e8ncies i el manteniment de la web.<\/td>\n<td width=\"439\">Inter\u00e8s leg\u00edtim de la Societat.<\/td>\n<\/tr>\n<\/tbody>\n<\/table>\n<p><strong>TERMINI DE CONSERVACI\u00d3 DE LES DADES<\/strong><\/p>\n<table width=\"876\">\n<tbody>\n<tr>\n<td width=\"436\"><strong>Finalitat del tractament<\/strong><\/td>\n<td width=\"439\"><strong>Termini de conservaci\u00f3<\/strong><\/td>\n<\/tr>\n<tr>\n<td width=\"436\">Gestionar les consultes plantejades a trav\u00e9s del formulari de consulta<\/td>\n<td width=\"439\">Tractarem les teves dades durant el temps que sigui necessari per a atendre la teva sol\u00b7licitud o petici\u00f3.<\/td>\n<\/tr>\n<tr>\n<td width=\"436\">Enviament de newsletters, comunicacions comercials i promocions.<\/td>\n<td width=\"439\">Tractarem les teves dades fins que et donis de baixa.<\/td>\n<\/tr>\n<tr>\n<td width=\"436\">Gestionar les incid\u00e8ncies i el manteniment de la web.<\/td>\n<td width=\"439\">Tractarem les seves dades durant el temps necessari per a complir els terminis legals de prescripci\u00f3 que li resultin d\u2019aplicaci\u00f3.<\/td>\n<\/tr>\n<\/tbody>\n<\/table>\n<p><strong>DESTINATARIS DE LES DADES<\/strong><\/p>\n<p>Per a complir les finalitats indicades en la present Pol\u00edtica de Privacitat, \u00e9s necessari que donem acc\u00e9s a les teves dades personals a terceres parts que ens donin suport en els serveis que t\u2019oferim (Encarats de Tractament).<\/p>\n<p>Els encarregats de tractament per a l\u2019execuci\u00f3 d\u2019un contracte o prestaci\u00f3 d\u2019un servei al Responsable, seguint per aix\u00f2 les seves instruccions en tot moment i assegurant els mateixos nivells de seguretat.<\/p>\n<p><strong>DRETS DELS USUARIS<\/strong><\/p>\n<p>L\u2019usuari t\u00e9 dret a:<\/p>\n<ul>\n<li>Sol\u00b7licitar l\u2019acc\u00e9s a les seves dades personals que s\u2019estan tractant i rebre aquesta informaci\u00f3 per escrit pel mitj\u00e0 sol\u00b7licitat.<\/li>\n<li>Sol\u00b7licitar la rectificaci\u00f3 de les dades personals inexactes o, si escau, sol\u00b7licitar la seva supressi\u00f3 quan, entre altres motius, les dades ja no siguin necessaris per a la finalitat pels quals van ser recollits.<\/li>\n<li>Sol\u00b7licitar la limitaci\u00f3 del tractament de les seves dades.<\/li>\n<li>Oposar-se al tractament de les seves dades personals quan escaigui, en aquest cas es deixaran de tractar les seves dades excepte per motius leg\u00edtims.<\/li>\n<li>Dret a la portabilitat de les dades. L\u2019interessat\/interessada t\u00e9 dret a rebre les dades personals si han estat facilitades en un format estructurat, d\u2019\u00fas com\u00fa i de lectura mec\u00e0nica, i a transmetre-les a un altre responsable, si es compleixen els requisits seg\u00fcents:<\/li>\n<\/ul>\n<ol>\n<li>El tractament es basa en el consentiment o en un contracte.<\/li>\n<li>El tractament es fa per mitjans automatitzats.<\/li>\n<\/ol>\n<ul>\n<li>Dret a retirar el consentiment prestat.<\/li>\n<li>Dret a reclamar davant l\u2019Ag\u00e8ncia Espanyola de Protecci\u00f3 de Dades.<\/li>\n<\/ul>\n<p>L\u2019Usuari pot exercitar els drets anteriorment indicats a l\u2019adre\u00e7a de correu postal o electr\u00f2nica del Responsable, acreditant la seva identitat amb una c\u00f2pia escanejada del seu DNI o document equivalent, i especificant el dret que desitja exercir.<\/p>\n<p><strong>PROCED\u00c8NCIA DE LES DADES<\/strong><\/p>\n<p>Les dades personals han de ser facilitades pel propi interessat de forma absolutament volunt\u00e0ria. La manca d\u2019algunes dades o la no resposta de preguntes que puguin formular-se a la persona interessada en els processos de registre o a trav\u00e9s de formularis electr\u00f2nics, pot provocar la impossibilitat d\u2019acc\u00e9s a determinats serveis per a la prestaci\u00f3 dels quals \u00e9s imprescindible de disposar d\u2019aquestes dades de car\u00e0cter personal. En aquest cas, el Responsable del Tractament ha d\u2019informar del car\u00e0cter obligatori o necessari de facilitar les dades personals per al funcionament del servei.<\/p>\n<p>El Responsable assegura la confidencialitat de les seves dades personals i garanteix la seguretat d\u2019aquests, adoptant les mesures necess\u00e0ries per a evitar la seva alteraci\u00f3, p\u00e8rdua, tractament o acc\u00e9s no autoritzat.<\/p>\n<p><strong>INFORMACI\u00d3 FACILITADA PER L\u2019INTERESSAT\/INTERESSADA<\/strong><\/p>\n<p>Els i les menors de 18 anys no poden cedir les seves dades personals sense el previ consentiment del seu pare\/mare i\/o tutors legals.<\/p>\n<p>L\u2019interessat\/interessada introduint les seves dades en els formularis de contacte o presentats en formularis de desc\u00e0rrega, accepten expressament i de forma lliure i inequ\u00edvoca que les seves dades s\u00f3n necess\u00e0ries perqu\u00e8 el Responsable atengui la seva petici\u00f3, i \u00e9s volunt\u00e0ria la inclusi\u00f3 de dades en els camps restants.<\/p>\n<p>L\u2019interessat\/interessada garanteix que les dades personals facilitades al prestador s\u00f3n veraces i es fa responsable de comunicar qualsevol modificaci\u00f3 d\u2019aquestes.<\/p>\n<p>Totes les dades sol\u00b7licitades a trav\u00e9s del lloc web s\u00f3n necessaris per a la prestaci\u00f3 d\u2019un servei \u00f2ptim a l\u2019interessat\/interessada. En cas que no siguin facilitades totes les dades, no es garanteix que la informaci\u00f3 i serveis que El responsable li faciliti, siguin completament ajustats a les seves necessitats.<\/p>\n<p><strong>MESURES DE SEGURETAT<\/strong><\/p>\n<p>Que de conformitat amb el que disposen les normatives vigents en mat\u00e8ria de protecci\u00f3 de dades personals, El Responsable est\u00e0 complint amb totes les disposicions de les normatives RGPD i LOPDGDD per al tractament de les dades personals de la seva responsabilitat, i manifestament amb els principis descrits en l\u2019article 5 del RGPD i en l\u2019article 4 de la LOPDGDD, pels quals s\u00f3n tractats de manera l\u00edcita, lleial i transparent en relaci\u00f3 amb l\u2019interessat i adequades, pertinents i limitats al que \u00e9s necessari en relaci\u00f3 amb els fins per als quals s\u00f3n tractats.<\/p>\n<p>El responsable garanteix que ha implementat pol\u00edtiques t\u00e8cniques i organitzatives apropiades per aplicar les mesures de seguretat que estableixen el RGPD i la LOPDGDD per tal de protegir els drets i llibertats de l\u2019interessat\/interessadai els ha comunicat la informaci\u00f3 adequada perqu\u00e8 puguin exercir-los.<\/p>\n<p><strong>BRETXES DE SEGURETAT<\/strong><\/p>\n<p>El Responsable informar\u00e0 sobre qualsevol bretxa de seguretat que afecti la base de dades que utilitza aquest lloc web, o que afecti a qualsevol dels nostres serveis de tercers, a totes i cadascuna de les persones, dades dels quals puguin haver estat afectades, i autoritats, dins de les 72 hores seg\u00fcents a la detecci\u00f3 de la bretxa.<\/p>\n<p><strong>LEGISLACI\u00d3 APLICABLE I JURISDICCI\u00d3<\/strong><\/p>\n<p>Per a la resoluci\u00f3 de totes les controv\u00e8rsies o q\u00fcestions relacionades amb el present lloc web o de les activitats en ell desenvolupades, ser\u00e0 d\u2019aplicaci\u00f3 la legislaci\u00f3 espanyola, a la qual se sotmeten expressament les parts, sent competents per a la resoluci\u00f3 de tots els conflictes derivats o relacionats amb el seu \u00fas els Jutjats i Tribunals de Tarragona.<\/p>\n<\/div><\/div><\/div><\/div><\/div><\/p>\n","protected":false},"excerpt":{"rendered":"","protected":false},"author":2,"featured_media":0,"parent":0,"menu_order":0,"comment_status":"closed","ping_status":"closed","template":"100-width.php","meta":{"footnotes":""},"class_list":["post-2504","page","type-page","status-publish","hentry"],"yoast_head":"<!-- This site is optimized with the Yoast SEO plugin v27.4 - https:\/\/yoast.com\/product\/yoast-seo-wordpress\/ -->\n<title>Pol\u00edtica de Privacitat - Vancraft<\/title>\n<meta name=\"description\" content=\"Vancraft, informa els usuaris del lloc web sobre la seva pol\u00edtica respecte al tractament i protecci\u00f3 de les dades de car\u00e0cter personal...\" \/>\n<meta name=\"robots\" content=\"index, follow, max-snippet:-1, max-image-preview:large, max-video-preview:-1\" \/>\n<link rel=\"canonical\" href=\"https:\/\/vancraft.es\/ca\/politica-de-privacitat\/\" \/>\n<meta property=\"og:locale\" content=\"ca_ES\" \/>\n<meta property=\"og:type\" content=\"article\" \/>\n<meta property=\"og:title\" content=\"Pol\u00edtica de Privacitat - Vancraft\" \/>\n<meta property=\"og:description\" content=\"Vancraft, informa els usuaris del lloc web sobre la seva pol\u00edtica respecte al tractament i protecci\u00f3 de les dades de car\u00e0cter personal...\" \/>\n<meta property=\"og:url\" content=\"https:\/\/vancraft.es\/ca\/politica-de-privacitat\/\" \/>\n<meta property=\"og:site_name\" content=\"Vancraft\" \/>\n<meta property=\"article:modified_time\" content=\"2024-09-16T08:16:35+00:00\" \/>\n<meta name=\"twitter:card\" content=\"summary_large_image\" \/>\n<meta name=\"twitter:label1\" content=\"Temps estimat de lectura\" \/>\n\t<meta name=\"twitter:data1\" content=\"7 minuts\" \/>\n<script type=\"application\/ld+json\" class=\"yoast-schema-graph\">{\"@context\":\"https:\\\/\\\/schema.org\",\"@graph\":[{\"@type\":\"WebPage\",\"@id\":\"https:\\\/\\\/vancraft.es\\\/politica-de-privacitat\\\/\",\"url\":\"https:\\\/\\\/vancraft.es\\\/politica-de-privacitat\\\/\",\"name\":\"Pol\u00edtica de Privacitat - Vancraft\",\"isPartOf\":{\"@id\":\"https:\\\/\\\/vancraft.es\\\/#website\"},\"datePublished\":\"2023-08-04T12:47:50+00:00\",\"dateModified\":\"2024-09-16T08:16:35+00:00\",\"description\":\"Vancraft, informa els usuaris del lloc web sobre la seva pol\u00edtica respecte al tractament i protecci\u00f3 de les dades de car\u00e0cter personal...\",\"breadcrumb\":{\"@id\":\"https:\\\/\\\/vancraft.es\\\/politica-de-privacitat\\\/#breadcrumb\"},\"inLanguage\":\"ca\",\"potentialAction\":[{\"@type\":\"ReadAction\",\"target\":[\"https:\\\/\\\/vancraft.es\\\/politica-de-privacitat\\\/\"]}]},{\"@type\":\"BreadcrumbList\",\"@id\":\"https:\\\/\\\/vancraft.es\\\/politica-de-privacitat\\\/#breadcrumb\",\"itemListElement\":[{\"@type\":\"ListItem\",\"position\":1,\"name\":\"Inici\",\"item\":\"https:\\\/\\\/vancraft.es\\\/ca\\\/\"},{\"@type\":\"ListItem\",\"position\":2,\"name\":\"Pol\u00edtica de Privacitat\"}]},{\"@type\":\"WebSite\",\"@id\":\"https:\\\/\\\/vancraft.es\\\/#website\",\"url\":\"https:\\\/\\\/vancraft.es\\\/\",\"name\":\"Vancraft\",\"description\":\"\",\"potentialAction\":[{\"@type\":\"SearchAction\",\"target\":{\"@type\":\"EntryPoint\",\"urlTemplate\":\"https:\\\/\\\/vancraft.es\\\/?s={search_term_string}\"},\"query-input\":{\"@type\":\"PropertyValueSpecification\",\"valueRequired\":true,\"valueName\":\"search_term_string\"}}],\"inLanguage\":\"ca\"}]}<\/script>\n<!-- \/ Yoast SEO plugin. -->","yoast_head_json":{"title":"Pol\u00edtica de Privacitat - Vancraft","description":"Vancraft, informa els usuaris del lloc web sobre la seva pol\u00edtica respecte al tractament i protecci\u00f3 de les dades de car\u00e0cter personal...","robots":{"index":"index","follow":"follow","max-snippet":"max-snippet:-1","max-image-preview":"max-image-preview:large","max-video-preview":"max-video-preview:-1"},"canonical":"https:\/\/vancraft.es\/ca\/politica-de-privacitat\/","og_locale":"ca_ES","og_type":"article","og_title":"Pol\u00edtica de Privacitat - Vancraft","og_description":"Vancraft, informa els usuaris del lloc web sobre la seva pol\u00edtica respecte al tractament i protecci\u00f3 de les dades de car\u00e0cter personal...","og_url":"https:\/\/vancraft.es\/ca\/politica-de-privacitat\/","og_site_name":"Vancraft","article_modified_time":"2024-09-16T08:16:35+00:00","twitter_card":"summary_large_image","twitter_misc":{"Temps estimat de lectura":"7 minuts"},"schema":{"@context":"https:\/\/schema.org","@graph":[{"@type":"WebPage","@id":"https:\/\/vancraft.es\/politica-de-privacitat\/","url":"https:\/\/vancraft.es\/politica-de-privacitat\/","name":"Pol\u00edtica de Privacitat - Vancraft","isPartOf":{"@id":"https:\/\/vancraft.es\/#website"},"datePublished":"2023-08-04T12:47:50+00:00","dateModified":"2024-09-16T08:16:35+00:00","description":"Vancraft, informa els usuaris del lloc web sobre la seva pol\u00edtica respecte al tractament i protecci\u00f3 de les dades de car\u00e0cter personal...","breadcrumb":{"@id":"https:\/\/vancraft.es\/politica-de-privacitat\/#breadcrumb"},"inLanguage":"ca","potentialAction":[{"@type":"ReadAction","target":["https:\/\/vancraft.es\/politica-de-privacitat\/"]}]},{"@type":"BreadcrumbList","@id":"https:\/\/vancraft.es\/politica-de-privacitat\/#breadcrumb","itemListElement":[{"@type":"ListItem","position":1,"name":"Inici","item":"https:\/\/vancraft.es\/ca\/"},{"@type":"ListItem","position":2,"name":"Pol\u00edtica de Privacitat"}]},{"@type":"WebSite","@id":"https:\/\/vancraft.es\/#website","url":"https:\/\/vancraft.es\/","name":"Vancraft","description":"","potentialAction":[{"@type":"SearchAction","target":{"@type":"EntryPoint","urlTemplate":"https:\/\/vancraft.es\/?s={search_term_string}"},"query-input":{"@type":"PropertyValueSpecification","valueRequired":true,"valueName":"search_term_string"}}],"inLanguage":"ca"}]}},"_links":{"self":[{"href":"https:\/\/vancraft.es\/ca\/wp-json\/wp\/v2\/pages\/2504","targetHints":{"allow":["GET"]}}],"collection":[{"href":"https:\/\/vancraft.es\/ca\/wp-json\/wp\/v2\/pages"}],"about":[{"href":"https:\/\/vancraft.es\/ca\/wp-json\/wp\/v2\/types\/page"}],"author":[{"embeddable":true,"href":"https:\/\/vancraft.es\/ca\/wp-json\/wp\/v2\/users\/2"}],"replies":[{"embeddable":true,"href":"https:\/\/vancraft.es\/ca\/wp-json\/wp\/v2\/comments?post=2504"}],"version-history":[{"count":5,"href":"https:\/\/vancraft.es\/ca\/wp-json\/wp\/v2\/pages\/2504\/revisions"}],"predecessor-version":[{"id":3627,"href":"https:\/\/vancraft.es\/ca\/wp-json\/wp\/v2\/pages\/2504\/revisions\/3627"}],"wp:attachment":[{"href":"https:\/\/vancraft.es\/ca\/wp-json\/wp\/v2\/media?parent=2504"}],"curies":[{"name":"wp","href":"https:\/\/api.w.org\/{rel}","templated":true}]}}