{"id":14,"date":"2017-11-15T09:43:04","date_gmt":"2017-11-15T09:43:04","guid":{"rendered":"https:\/\/vancraft.es\/?page_id=14"},"modified":"2024-09-16T10:15:48","modified_gmt":"2024-09-16T08:15:48","slug":"camperitzacions","status":"publish","type":"page","link":"https:\/\/vancraft.es\/ca\/camperitzacions\/","title":{"rendered":"Camperitzacions"},"content":{"rendered":"<p><div class=\"fusion-fullwidth fullwidth-box fusion-builder-row-1 fusion-flex-container nonhundred-percent-fullwidth non-hundred-percent-height-scrolling\" style=\"--awb-border-radius-top-left:0px;--awb-border-radius-top-right:0px;--awb-border-radius-bottom-right:0px;--awb-border-radius-bottom-left:0px;--awb-padding-top:45px;--awb-background-color:var(--awb-color7);--awb-flex-wrap:wrap;\" ><div class=\"fusion-builder-row fusion-row fusion-flex-align-items-flex-start fusion-flex-justify-content-center fusion-flex-content-wrap\" style=\"max-width:1227.2px;margin-left: calc(-4% \/ 2 );margin-right: calc(-4% \/ 2 );\"><div class=\"fusion-layout-column fusion_builder_column fusion-builder-column-0 fusion_builder_column_2_3 2_3 fusion-flex-column fusion-animated\" style=\"--awb-bg-blend:overlay;--awb-bg-size:cover;--awb-width-large:66.666666666667%;--awb-margin-top-large:20px;--awb-spacing-right-large:2.88%;--awb-margin-bottom-large:0px;--awb-spacing-left-large:2.88%;--awb-width-medium:100%;--awb-spacing-right-medium:1.92%;--awb-spacing-left-medium:1.92%;--awb-width-small:100%;--awb-spacing-right-small:1.92%;--awb-spacing-left-small:1.92%;\" data-animationType=\"zoomIn\" data-animationDuration=\"0.9\" data-animationOffset=\"top-into-view\"><div class=\"fusion-column-wrapper fusion-flex-justify-content-flex-start fusion-content-layout-column\"><div class=\"fusion-title title fusion-title-1 fusion-title-center fusion-title-text fusion-title-size-one\" style=\"--awb-text-color:var(--awb-color1);--awb-margin-top-small:0px;--awb-margin-right-small:0px;--awb-margin-bottom-small:20px;--awb-margin-left-small:0px;--awb-font-size:58px;\"><div class=\"title-sep-container title-sep-container-left\"><div class=\"title-sep sep- sep-solid\" style=\"border-color:var(--awb-color6);\"><\/div><\/div><span class=\"awb-title-spacer\"><\/span><h1 class=\"fusion-title-heading title-heading-center fusion-responsive-typography-calculated\" style=\"font-family:&quot;Work Sans&quot;;font-style:normal;font-weight:600;margin:0;letter-spacing:var(--awb-typography1-letter-spacing);text-transform:var(--awb-typography1-text-transform);font-size:1em;--fontSize:58;line-height:var(--awb-typography1-line-height);\"><p style=\"text-align: center;\">Camperitzacions<\/p><\/h1><span class=\"awb-title-spacer\"><\/span><div class=\"title-sep-container title-sep-container-right\"><div class=\"title-sep sep- sep-solid\" style=\"border-color:var(--awb-color6);\"><\/div><\/div><\/div><div class=\"fusion-separator fusion-has-icon\" style=\"align-self: center;margin-left: auto;margin-right: auto;margin-top:16px;margin-bottom:36px;width:100%;max-width:24%;\"><div class=\"fusion-separator-border sep-single\" style=\"--awb-height:20px;--awb-amount:20px;--awb-sep-color:var(--awb-color4);border-color:var(--awb-color4);border-top-width:2px;\"><\/div><span class=\"icon-wrapper\" style=\"border-color:transparent;font-size:14px;width: 1.75em; height: 1.75em;border-width:2px;padding:2px;margin-top:-1px\"><i class=\"fa-times fas\" style=\"font-size: inherit;color:var(--awb-color4);\" aria-hidden=\"true\"><\/i><\/span><div class=\"fusion-separator-border sep-single\" style=\"--awb-height:20px;--awb-amount:20px;--awb-sep-color:var(--awb-color4);border-color:var(--awb-color4);border-top-width:2px;\"><\/div><\/div><\/div><\/div><\/div><\/div><div class=\"fusion-fullwidth fullwidth-box fusion-builder-row-2 fusion-flex-container has-pattern-background has-mask-background nonhundred-percent-fullwidth non-hundred-percent-height-scrolling\" style=\"--awb-border-radius-top-left:0px;--awb-border-radius-top-right:0px;--awb-border-radius-bottom-right:0px;--awb-border-radius-bottom-left:0px;--awb-flex-wrap:wrap;\" ><div class=\"fusion-builder-row fusion-row fusion-flex-align-items-flex-start fusion-flex-content-wrap\" style=\"max-width:calc( 1180px + 0px );margin-left: calc(-0px \/ 2 );margin-right: calc(-0px \/ 2 );\"><div class=\"fusion-layout-column fusion_builder_column fusion-builder-column-1 fusion_builder_column_1_1 1_1 fusion-flex-column\" style=\"--awb-bg-blend:overlay;--awb-bg-size:cover;--awb-width-large:100%;--awb-margin-top-large:0px;--awb-spacing-right-large:0px;--awb-margin-bottom-large:0px;--awb-spacing-left-large:0px;--awb-width-medium:100%;--awb-spacing-right-medium:0px;--awb-spacing-left-medium:0px;--awb-width-small:100%;--awb-spacing-right-small:0px;--awb-spacing-left-small:0px;\"><div class=\"fusion-column-wrapper fusion-flex-justify-content-center fusion-content-layout-column\"><div class=\"fusion-section-separator section-separator big-half-circle fusion-section-separator-1\" style=\"--awb-spacer-height:50px;--awb-svg-margin-left:0px;--awb-svg-margin-right:0px;--awb-svg-margin-left-medium:0px;--awb-svg-margin-right-medium:0px;--awb-svg-margin-left-small:0px;--awb-svg-margin-right-small:0px;--awb-divider-height:50px;--awb-spacer-padding-top:inherit;--awb-sep-padding:0;--awb-svg-padding:0;\"><div class=\"fusion-section-separator-svg\"><svg class=\"fusion-big-half-circle-candy\" xmlns=\"http:\/\/www.w3.org\/2000\/svg\" version=\"1.1\" width=\"100%\" height=\"100\" viewBox=\"0 0 100 100\" preserveAspectRatio=\"none\" fill=\"rgba(74,73,73,1)\"><path d=\"M0 0 C55 180 100 0 100 0 Z\"><\/path><\/svg><\/div><div class=\"fusion-section-separator-spacer\"><div class=\"fusion-section-separator-spacer-height\"><\/div><\/div><\/div><\/div><\/div><\/div><\/div><div class=\"fusion-fullwidth fullwidth-box fusion-builder-row-3 fusion-flex-container has-mask-background nonhundred-percent-fullwidth non-hundred-percent-height-scrolling fusion-animated\" style=\"--awb-background-repeat:repeat-x;--awb-border-radius-top-left:0px;--awb-border-radius-top-right:0px;--awb-border-radius-bottom-right:0px;--awb-border-radius-bottom-left:0px;--awb-padding-top:76px;--awb-padding-bottom:96px;--awb-padding-top-medium:50px;--awb-padding-bottom-medium:41px;--awb-padding-top-small:40px;--awb-padding-bottom-small:20px;--awb-flex-wrap:wrap;\" data-animationType=\"fadeInLeft\" data-animationDuration=\"0.3\" data-animationOffset=\"top-into-view\" ><div class=\"fusion-builder-row fusion-row fusion-flex-align-items-flex-start fusion-flex-justify-content-center fusion-flex-content-wrap\" style=\"max-width:1227.2px;margin-left: calc(-4% \/ 2 );margin-right: calc(-4% \/ 2 );\"><div class=\"fusion-layout-column fusion_builder_column fusion-builder-column-2 fusion_builder_column_1_1 1_1 fusion-flex-column fusion-flex-align-self-stretch fusion-animated\" style=\"--awb-padding-top:30px;--awb-padding-bottom:12px;--awb-padding-top-medium:0px;--awb-padding-bottom-medium:0px;--awb-padding-top-small:0px;--awb-padding-bottom-small:0px;--awb-bg-blend:overlay;--awb-bg-size:cover;--awb-width-large:100%;--awb-margin-top-large:0px;--awb-spacing-right-large:1.92%;--awb-margin-bottom-large:0px;--awb-spacing-left-large:1.92%;--awb-width-medium:100%;--awb-spacing-right-medium:1.92%;--awb-spacing-left-medium:1.92%;--awb-width-small:100%;--awb-spacing-right-small:1.92%;--awb-spacing-left-small:1.92%;\" data-animationType=\"slideInUp\" data-animationDuration=\"0.9\" data-animationOffset=\"top-into-view\"><div class=\"fusion-column-wrapper fusion-flex-justify-content-center fusion-content-layout-column\"><div class=\"fusion-blog-shortcode fusion-blog-shortcode-1 fusion-blog-archive fusion-blog-layout-grid-wrapper fusion-blog-infinite\" style=\"--grid_separator_color:hsla(var(--awb-color4-h),var(--awb-color4-s),calc(var(--awb-color4-l) + 1%),var(--awb-color4-a));\"><style type=\"text\/css\">.fusion-blog-shortcode-1 .fusion-blog-layout-grid .fusion-post-grid{padding:20px;}.fusion-blog-shortcode-1 .fusion-posts-container{margin-left: -20px !important; margin-right:-20px !important;}<\/style><div class=\"fusion-posts-container fusion-posts-container-infinite fusion-no-meta-info fusion-blog-rollover fusion-blog-layout-grid fusion-blog-layout-grid-3 isotope fusion-blog-equal-heights\" data-pages=\"1\" data-grid-col-space=\"40\" style=\"margin: -20px -20px 0;min-height:500px;\"><article id=\"blog-1-post-2894\" class=\"fusion-post-grid post-2894 post type-post status-publish format-standard has-post-thumbnail hentry category-camperitzacio\">\n<div class=\"fusion-post-wrapper\" style=\"background-color:var(--awb-color1);border:1px solid var(--awb-color4);border-bottom-width:3px;\">\n\n\t\t\t<div class=\"fusion-flexslider flexslider fusion-flexslider-loading fusion-post-slideshow\" style=\"border-color:var(--awb-color4);\">\n\t\t<ul class=\"slides\">\n\t\t\t\n\t\t\t\t\t\t\t\t\t\t\t\t\t\t<li><div  class=\"fusion-image-wrapper\" aria-haspopup=\"true\">\n\t\t\t\t<img decoding=\"async\" width=\"1200\" height=\"900\" src=\"https:\/\/vancraft.es\/wp-content\/uploads\/2024\/02\/Renault-Master6.jpg\" class=\"attachment-full size-full lazyload wp-post-image\" alt=\"Fotografia on es veu una camper per dintre. On podem veure en primer pla un llit i una televisi\u00f3 a la paret, i al fons una cuina.\" srcset=\"data:image\/svg+xml,%3Csvg%20xmlns%3D%27http%3A%2F%2Fwww.w3.org%2F2000%2Fsvg%27%20width%3D%271200%27%20height%3D%27900%27%20viewBox%3D%270%200%201200%20900%27%3E%3Crect%20width%3D%271200%27%20height%3D%27900%27%20fill-opacity%3D%220%22%2F%3E%3C%2Fsvg%3E\" data-orig-src=\"https:\/\/vancraft.es\/wp-content\/uploads\/2024\/02\/Renault-Master6.jpg\" data-srcset=\"https:\/\/vancraft.es\/wp-content\/uploads\/2024\/02\/Renault-Master6-200x150.jpg 200w, https:\/\/vancraft.es\/wp-content\/uploads\/2024\/02\/Renault-Master6-400x300.jpg 400w, https:\/\/vancraft.es\/wp-content\/uploads\/2024\/02\/Renault-Master6-600x450.jpg 600w, https:\/\/vancraft.es\/wp-content\/uploads\/2024\/02\/Renault-Master6-800x600.jpg 800w, https:\/\/vancraft.es\/wp-content\/uploads\/2024\/02\/Renault-Master6.jpg 1200w\" data-sizes=\"auto\" \/><div class=\"fusion-rollover\">\n\t<div class=\"fusion-rollover-content\">\n\n\t\t\t\t\t\t\t\t\t\t\t\t\t\t<a class=\"fusion-rollover-link\" href=\"https:\/\/vancraft.es\/ca\/2024\/02\/15\/renault-master-2010\/\">Renault Master 2010<\/a>\n\t\t\t\n\t\t\t\t\t\t\t\t\n\t\t\n\t\t\t\t\t\t\t\t\t\t\t\t<h4 class=\"fusion-rollover-title\">\n\t\t\t\t\t<a class=\"fusion-rollover-title-link\" href=\"https:\/\/vancraft.es\/ca\/2024\/02\/15\/renault-master-2010\/\">\n\t\t\t\t\t\tRenault Master 2010\t\t\t\t\t<\/a>\n\t\t\t\t<\/h4>\n\t\t\t\n\t\t\t\t\t\t\t\t\n\t\t\n\t\t\t\t\t\t<a class=\"fusion-link-wrapper\" href=\"https:\/\/vancraft.es\/ca\/2024\/02\/15\/renault-master-2010\/\" aria-label=\"Renault Master 2010\"><\/a>\n\t<\/div>\n<\/div>\n<\/div>\n<\/li>\n\t\t\t\n\t\t\t\n\t\t\t\t\t\t\t\t\t\t\t\t\t\t\t\t\t\t\t\t\t\t\t\t\t\t\t\t\t\t\t\t\t\t\t\t\t\t\t\t\t\t\t\t\t\t\t\t\t\t\t\t\t\t\t\t\t\t\t\t\t\t\t\t\t\t\t\t<\/ul>\n\t<\/div>\n\t<div class=\"fusion-post-content-wrapper\" style=\"padding:40px 26px 50px 26px;\"><div class=\"fusion-post-content post-content\"><h2 class=\"blog-shortcode-post-title entry-title\"><a href=\"https:\/\/vancraft.es\/ca\/2024\/02\/15\/renault-master-2010\/\">Renault Master 2010<\/a><\/h2><div class=\"fusion-post-content-container\"><p> La Renault Master del 2010 s'ha convertit en un veritable oasi sobre rodes per a dos aventurers intr\u00e8pids. Amb una distribuci\u00f3 pensada fins al m\u00e9s m\u00ednim detall, aquesta camperitzaci\u00f3 [...]<\/p><\/div><\/div><\/div><div class=\"fusion-clearfix\"><\/div><\/div>\n<\/article>\n<article id=\"blog-1-post-2896\" class=\"fusion-post-grid post-2896 post type-post status-publish format-standard has-post-thumbnail hentry category-camperitzacio\">\n<div class=\"fusion-post-wrapper\" style=\"background-color:var(--awb-color1);border:1px solid var(--awb-color4);border-bottom-width:3px;\">\n\n\t\t\t<div class=\"fusion-flexslider flexslider fusion-flexslider-loading fusion-post-slideshow\" style=\"border-color:var(--awb-color4);\">\n\t\t<ul class=\"slides\">\n\t\t\t\n\t\t\t\t\t\t\t\t\t\t\t\t\t\t<li><div  class=\"fusion-image-wrapper\" aria-haspopup=\"true\">\n\t\t\t\t<img decoding=\"async\" width=\"1200\" height=\"900\" src=\"https:\/\/vancraft.es\/wp-content\/uploads\/2024\/02\/nuria-sorribes-4.jpg\" class=\"attachment-full size-full lazyload wp-post-image\" alt=\"Exterior d&#039;una caravana retolada amb dues franges de color lila, on a la franja de dalt hi ha informaci\u00f3 (web, xarxes socials i WhatsApp) i un logotip amb tipografia negra i una il\u00b7lustraci\u00f3 d&#039;una ploma de color rosa. La matr\u00edcula est\u00e0 tapada amb el logotip Vancraft, escrit amb tipografia negra i dos x de color groc al principi i al final del nom.\" srcset=\"data:image\/svg+xml,%3Csvg%20xmlns%3D%27http%3A%2F%2Fwww.w3.org%2F2000%2Fsvg%27%20width%3D%271200%27%20height%3D%27900%27%20viewBox%3D%270%200%201200%20900%27%3E%3Crect%20width%3D%271200%27%20height%3D%27900%27%20fill-opacity%3D%220%22%2F%3E%3C%2Fsvg%3E\" data-orig-src=\"https:\/\/vancraft.es\/wp-content\/uploads\/2024\/02\/nuria-sorribes-4.jpg\" data-srcset=\"https:\/\/vancraft.es\/wp-content\/uploads\/2024\/02\/nuria-sorribes-4-200x150.jpg 200w, https:\/\/vancraft.es\/wp-content\/uploads\/2024\/02\/nuria-sorribes-4-400x300.jpg 400w, https:\/\/vancraft.es\/wp-content\/uploads\/2024\/02\/nuria-sorribes-4-600x450.jpg 600w, https:\/\/vancraft.es\/wp-content\/uploads\/2024\/02\/nuria-sorribes-4-800x600.jpg 800w, https:\/\/vancraft.es\/wp-content\/uploads\/2024\/02\/nuria-sorribes-4.jpg 1200w\" data-sizes=\"auto\" \/><div class=\"fusion-rollover\">\n\t<div class=\"fusion-rollover-content\">\n\n\t\t\t\t\t\t\t\t\t\t\t\t\t\t<a class=\"fusion-rollover-link\" href=\"https:\/\/vancraft.es\/ca\/2024\/02\/15\/caravana-hergo\/\">Caravana Hergo<\/a>\n\t\t\t\n\t\t\t\t\t\t\t\t\n\t\t\n\t\t\t\t\t\t\t\t\t\t\t\t<h4 class=\"fusion-rollover-title\">\n\t\t\t\t\t<a class=\"fusion-rollover-title-link\" href=\"https:\/\/vancraft.es\/ca\/2024\/02\/15\/caravana-hergo\/\">\n\t\t\t\t\t\tCaravana Hergo\t\t\t\t\t<\/a>\n\t\t\t\t<\/h4>\n\t\t\t\n\t\t\t\t\t\t\t\t\n\t\t\n\t\t\t\t\t\t<a class=\"fusion-link-wrapper\" href=\"https:\/\/vancraft.es\/ca\/2024\/02\/15\/caravana-hergo\/\" aria-label=\"Caravana Hergo\"><\/a>\n\t<\/div>\n<\/div>\n<\/div>\n<\/li>\n\t\t\t\n\t\t\t\n\t\t\t\t\t\t\t\t\t\t\t\t\t\t\t\t\t\t\t\t\t\t\t\t\t\t\t\t\t\t\t\t\t\t\t\t\t\t\t\t\t\t\t\t\t\t\t\t\t\t\t\t\t\t\t\t\t\t\t\t\t\t\t\t\t\t\t\t<\/ul>\n\t<\/div>\n\t<div class=\"fusion-post-content-wrapper\" style=\"padding:40px 26px 50px 26px;\"><div class=\"fusion-post-content post-content\"><h2 class=\"blog-shortcode-post-title entry-title\"><a href=\"https:\/\/vancraft.es\/ca\/2024\/02\/15\/caravana-hergo\/\">Caravana Hergo<\/a><\/h2><div class=\"fusion-post-content-container\"><p> La Caravana Hergo del 1976 ha experimentat una transformaci\u00f3 radical per convertir-se en una oficina port\u00e0til perfecta per a la realitzaci\u00f3 de tallers de sexualitat, punt lila i altre[...]<\/p><\/div><\/div><\/div><div class=\"fusion-clearfix\"><\/div><\/div>\n<\/article>\n<article id=\"blog-1-post-2895\" class=\"fusion-post-grid post-2895 post type-post status-publish format-standard has-post-thumbnail hentry category-camperitzacio\">\n<div class=\"fusion-post-wrapper\" style=\"background-color:var(--awb-color1);border:1px solid var(--awb-color4);border-bottom-width:3px;\">\n\n\t\t\t<div class=\"fusion-flexslider flexslider fusion-flexslider-loading fusion-post-slideshow\" style=\"border-color:var(--awb-color4);\">\n\t\t<ul class=\"slides\">\n\t\t\t\n\t\t\t\t\t\t\t\t\t\t\t\t\t\t<li><div  class=\"fusion-image-wrapper\" aria-haspopup=\"true\">\n\t\t\t\t<img decoding=\"async\" width=\"1200\" height=\"900\" src=\"https:\/\/vancraft.es\/wp-content\/uploads\/2024\/02\/Renault-Trafic-6.jpg\" class=\"attachment-full size-full lazyload wp-post-image\" alt=\"Llit de matrimoni dintre d&#039;una furgoneta Camper.\" srcset=\"data:image\/svg+xml,%3Csvg%20xmlns%3D%27http%3A%2F%2Fwww.w3.org%2F2000%2Fsvg%27%20width%3D%271200%27%20height%3D%27900%27%20viewBox%3D%270%200%201200%20900%27%3E%3Crect%20width%3D%271200%27%20height%3D%27900%27%20fill-opacity%3D%220%22%2F%3E%3C%2Fsvg%3E\" data-orig-src=\"https:\/\/vancraft.es\/wp-content\/uploads\/2024\/02\/Renault-Trafic-6.jpg\" data-srcset=\"https:\/\/vancraft.es\/wp-content\/uploads\/2024\/02\/Renault-Trafic-6-200x150.jpg 200w, https:\/\/vancraft.es\/wp-content\/uploads\/2024\/02\/Renault-Trafic-6-400x300.jpg 400w, https:\/\/vancraft.es\/wp-content\/uploads\/2024\/02\/Renault-Trafic-6-600x450.jpg 600w, https:\/\/vancraft.es\/wp-content\/uploads\/2024\/02\/Renault-Trafic-6-800x600.jpg 800w, https:\/\/vancraft.es\/wp-content\/uploads\/2024\/02\/Renault-Trafic-6.jpg 1200w\" data-sizes=\"auto\" \/><div class=\"fusion-rollover\">\n\t<div class=\"fusion-rollover-content\">\n\n\t\t\t\t\t\t\t\t\t\t\t\t\t\t<a class=\"fusion-rollover-link\" href=\"https:\/\/vancraft.es\/ca\/2024\/02\/15\/renault-trafic-2007\/\">Renault Tr\u00e0fic 2007<\/a>\n\t\t\t\n\t\t\t\t\t\t\t\t\n\t\t\n\t\t\t\t\t\t\t\t\t\t\t\t<h4 class=\"fusion-rollover-title\">\n\t\t\t\t\t<a class=\"fusion-rollover-title-link\" href=\"https:\/\/vancraft.es\/ca\/2024\/02\/15\/renault-trafic-2007\/\">\n\t\t\t\t\t\tRenault Tr\u00e0fic 2007\t\t\t\t\t<\/a>\n\t\t\t\t<\/h4>\n\t\t\t\n\t\t\t\t\t\t\t\t\n\t\t\n\t\t\t\t\t\t<a class=\"fusion-link-wrapper\" href=\"https:\/\/vancraft.es\/ca\/2024\/02\/15\/renault-trafic-2007\/\" aria-label=\"Renault Tr\u00e0fic 2007\"><\/a>\n\t<\/div>\n<\/div>\n<\/div>\n<\/li>\n\t\t\t\n\t\t\t\n\t\t\t\t\t\t\t\t\t\t\t\t\t\t\t\t\t\t\t\t\t\t\t\t\t\t\t\t\t\t\t\t\t\t\t\t\t\t\t\t\t\t\t\t\t\t\t\t\t\t\t\t\t\t\t\t\t\t\t\t\t\t\t\t\t\t\t\t<\/ul>\n\t<\/div>\n\t<div class=\"fusion-post-content-wrapper\" style=\"padding:40px 26px 50px 26px;\"><div class=\"fusion-post-content post-content\"><h2 class=\"blog-shortcode-post-title entry-title\"><a href=\"https:\/\/vancraft.es\/ca\/2024\/02\/15\/renault-trafic-2007\/\">Renault Tr\u00e0fic 2007<\/a><\/h2><div class=\"fusion-post-content-container\"><p>La Renault Tr\u00e0fic del 2007 ha estat transformada en una camperitzaci\u00f3 senzilla, per\u00f2 eficient, dissenyada espec\u00edficament per a dues persones. Aquesta conversi\u00f3 ofereix un espai confort[...]<\/p><\/div><\/div><\/div><div class=\"fusion-clearfix\"><\/div><\/div>\n<\/article>\n<div class=\"fusion-clearfix\"><\/div><\/div><\/div><\/div><\/div><\/div><\/div><\/p>\n","protected":false},"excerpt":{"rendered":"","protected":false},"author":2,"featured_media":0,"parent":0,"menu_order":0,"comment_status":"closed","ping_status":"closed","template":"100-width.php","meta":{"footnotes":""},"class_list":["post-14","page","type-page","status-publish","hentry"],"yoast_head":"<!-- This site is optimized with the Yoast SEO plugin v27.4 - https:\/\/yoast.com\/product\/yoast-seo-wordpress\/ -->\n<title>Camperitzacions - Vancraft<\/title>\n<meta name=\"description\" content=\"P\u00e0gina on hi ha diferents articles sobre les camperitzacions que hem anat realitzant al nostre taller Vancraft.\" \/>\n<meta name=\"robots\" content=\"index, follow, max-snippet:-1, max-image-preview:large, max-video-preview:-1\" \/>\n<link rel=\"canonical\" href=\"https:\/\/vancraft.es\/ca\/camperitzacions\/\" \/>\n<meta property=\"og:locale\" content=\"ca_ES\" \/>\n<meta property=\"og:type\" content=\"article\" \/>\n<meta property=\"og:title\" content=\"Camperitzacions - Vancraft\" \/>\n<meta property=\"og:description\" content=\"P\u00e0gina on hi ha diferents articles sobre les camperitzacions que hem anat realitzant al nostre taller Vancraft.\" \/>\n<meta property=\"og:url\" content=\"https:\/\/vancraft.es\/ca\/camperitzacions\/\" \/>\n<meta property=\"og:site_name\" content=\"Vancraft\" \/>\n<meta property=\"article:modified_time\" content=\"2024-09-16T08:15:48+00:00\" \/>\n<meta name=\"twitter:card\" content=\"summary_large_image\" \/>\n<meta name=\"twitter:label1\" content=\"Temps estimat de lectura\" \/>\n\t<meta name=\"twitter:data1\" content=\"2 minuts\" \/>\n<script type=\"application\/ld+json\" class=\"yoast-schema-graph\">{\"@context\":\"https:\\\/\\\/schema.org\",\"@graph\":[{\"@type\":\"WebPage\",\"@id\":\"https:\\\/\\\/vancraft.es\\\/camperitzacions\\\/\",\"url\":\"https:\\\/\\\/vancraft.es\\\/camperitzacions\\\/\",\"name\":\"Camperitzacions - Vancraft\",\"isPartOf\":{\"@id\":\"https:\\\/\\\/vancraft.es\\\/#website\"},\"datePublished\":\"2017-11-15T09:43:04+00:00\",\"dateModified\":\"2024-09-16T08:15:48+00:00\",\"description\":\"P\u00e0gina on hi ha diferents articles sobre les camperitzacions que hem anat realitzant al nostre taller Vancraft.\",\"breadcrumb\":{\"@id\":\"https:\\\/\\\/vancraft.es\\\/camperitzacions\\\/#breadcrumb\"},\"inLanguage\":\"ca\",\"potentialAction\":[{\"@type\":\"ReadAction\",\"target\":[\"https:\\\/\\\/vancraft.es\\\/camperitzacions\\\/\"]}]},{\"@type\":\"BreadcrumbList\",\"@id\":\"https:\\\/\\\/vancraft.es\\\/camperitzacions\\\/#breadcrumb\",\"itemListElement\":[{\"@type\":\"ListItem\",\"position\":1,\"name\":\"Inici\",\"item\":\"https:\\\/\\\/vancraft.es\\\/ca\\\/\"},{\"@type\":\"ListItem\",\"position\":2,\"name\":\"Camperitzacions\"}]},{\"@type\":\"WebSite\",\"@id\":\"https:\\\/\\\/vancraft.es\\\/#website\",\"url\":\"https:\\\/\\\/vancraft.es\\\/\",\"name\":\"Vancraft\",\"description\":\"\",\"potentialAction\":[{\"@type\":\"SearchAction\",\"target\":{\"@type\":\"EntryPoint\",\"urlTemplate\":\"https:\\\/\\\/vancraft.es\\\/?s={search_term_string}\"},\"query-input\":{\"@type\":\"PropertyValueSpecification\",\"valueRequired\":true,\"valueName\":\"search_term_string\"}}],\"inLanguage\":\"ca\"}]}<\/script>\n<!-- \/ Yoast SEO plugin. -->","yoast_head_json":{"title":"Camperitzacions - Vancraft","description":"P\u00e0gina on hi ha diferents articles sobre les camperitzacions que hem anat realitzant al nostre taller Vancraft.","robots":{"index":"index","follow":"follow","max-snippet":"max-snippet:-1","max-image-preview":"max-image-preview:large","max-video-preview":"max-video-preview:-1"},"canonical":"https:\/\/vancraft.es\/ca\/camperitzacions\/","og_locale":"ca_ES","og_type":"article","og_title":"Camperitzacions - Vancraft","og_description":"P\u00e0gina on hi ha diferents articles sobre les camperitzacions que hem anat realitzant al nostre taller Vancraft.","og_url":"https:\/\/vancraft.es\/ca\/camperitzacions\/","og_site_name":"Vancraft","article_modified_time":"2024-09-16T08:15:48+00:00","twitter_card":"summary_large_image","twitter_misc":{"Temps estimat de lectura":"2 minuts"},"schema":{"@context":"https:\/\/schema.org","@graph":[{"@type":"WebPage","@id":"https:\/\/vancraft.es\/camperitzacions\/","url":"https:\/\/vancraft.es\/camperitzacions\/","name":"Camperitzacions - Vancraft","isPartOf":{"@id":"https:\/\/vancraft.es\/#website"},"datePublished":"2017-11-15T09:43:04+00:00","dateModified":"2024-09-16T08:15:48+00:00","description":"P\u00e0gina on hi ha diferents articles sobre les camperitzacions que hem anat realitzant al nostre taller Vancraft.","breadcrumb":{"@id":"https:\/\/vancraft.es\/camperitzacions\/#breadcrumb"},"inLanguage":"ca","potentialAction":[{"@type":"ReadAction","target":["https:\/\/vancraft.es\/camperitzacions\/"]}]},{"@type":"BreadcrumbList","@id":"https:\/\/vancraft.es\/camperitzacions\/#breadcrumb","itemListElement":[{"@type":"ListItem","position":1,"name":"Inici","item":"https:\/\/vancraft.es\/ca\/"},{"@type":"ListItem","position":2,"name":"Camperitzacions"}]},{"@type":"WebSite","@id":"https:\/\/vancraft.es\/#website","url":"https:\/\/vancraft.es\/","name":"Vancraft","description":"","potentialAction":[{"@type":"SearchAction","target":{"@type":"EntryPoint","urlTemplate":"https:\/\/vancraft.es\/?s={search_term_string}"},"query-input":{"@type":"PropertyValueSpecification","valueRequired":true,"valueName":"search_term_string"}}],"inLanguage":"ca"}]}},"_links":{"self":[{"href":"https:\/\/vancraft.es\/ca\/wp-json\/wp\/v2\/pages\/14","targetHints":{"allow":["GET"]}}],"collection":[{"href":"https:\/\/vancraft.es\/ca\/wp-json\/wp\/v2\/pages"}],"about":[{"href":"https:\/\/vancraft.es\/ca\/wp-json\/wp\/v2\/types\/page"}],"author":[{"embeddable":true,"href":"https:\/\/vancraft.es\/ca\/wp-json\/wp\/v2\/users\/2"}],"replies":[{"embeddable":true,"href":"https:\/\/vancraft.es\/ca\/wp-json\/wp\/v2\/comments?post=14"}],"version-history":[{"count":5,"href":"https:\/\/vancraft.es\/ca\/wp-json\/wp\/v2\/pages\/14\/revisions"}],"predecessor-version":[{"id":3625,"href":"https:\/\/vancraft.es\/ca\/wp-json\/wp\/v2\/pages\/14\/revisions\/3625"}],"wp:attachment":[{"href":"https:\/\/vancraft.es\/ca\/wp-json\/wp\/v2\/media?parent=14"}],"curies":[{"name":"wp","href":"https:\/\/api.w.org\/{rel}","templated":true}]}}